{"id":70,"date":"2017-01-17T22:26:05","date_gmt":"2017-01-17T21:26:05","guid":{"rendered":"https:\/\/autodizaliceanic.000webhostapp.com\/?page_id=70"},"modified":"2025-03-19T21:12:53","modified_gmt":"2025-03-19T21:12:53","slug":"kontakt","status":"publish","type":"page","link":"https:\/\/www.autodizalice-anic.hr\/en\/kontakt\/","title":{"rendered":"Contact"},"content":{"rendered":"<p><\/p>\n<h2 style=\"text-align: center;\"><strong>Mobile service car lift<\/strong><\/h2>\n<p style=\"text-align: center;\"><i class=\"wp-svg-user-3 user-3\"><\/i> Vl. Dra\u017een Ani\u0107<\/p>\n<p style=\"text-align: center;\"><i class=\"wp-svg-location location\"><\/i> <a href=\"https:\/\/www.google.hr\/maps\/place\/%C4%86ikovi%C4%87i+117,+51215,+%C4%86ikovi%C4%87i\/@45.3586153,14.3466764,17z\/data=!3m1!4b1!4m5!3m4!1s0x4764a64003a03229:0x4b17d3065222562e!8m2!3d45.3586153!4d14.3488651\" target=\"_blank\" rel=\"noopener\">\u017degoti 8A, 51215 Kastav, Hrvatska<\/a><\/p>\n<p style=\"text-align: center;\"><i class=\"wp-svg-profile profile\"><\/i> OIB: 38361021984<\/p>\n<p style=\"text-align: center;\"><i class=\"wp-svg-print print\"><\/i> +385 51 687-003<\/p>\n<p style=\"text-align: center;\"><i class=\"wp-svg-envelop envelop\"><\/i>\u00a0<a href=\"mailto:drazen.anic@autodizalice-anic.hr\" target=\"_blank\" rel=\"noopener\">drazen.anic@autodizalice-anic.<wbr \/>hr<\/a><\/p>\n<p style=\"text-align: center;\"><i class=\"wp-svg-phone phone\"><\/i> \u00a0+385 98 260 735<\/p>\n<p style=\"text-align: center;\"><i class=\"wp-svg-envelop envelop\"><\/i> <a href=\"mailto:danijela.anic@autodizalice-anic.hr\" target=\"_blank\" rel=\"noopener\">danijela.anic@autodizalice-<wbr \/>anic.hr<\/a><\/p>\n<p style=\"text-align: center;\"><i class=\"wp-svg-phone phone\"><\/i> +385 98 167 1793<\/p>\n<p>\u00a0<\/p>","protected":false},"excerpt":{"rendered":"<p>Mobile service car lift Vl. Dra\u017een Ani\u0107 \u017degoti 8A, 51215 Kastav, Hrvatska OIB: 38361021984 +385 51 687-003 \u00a0drazen.anic@autodizalice-anic.hr \u00a0+385 98 260 735 danijela.anic@autodizalice-anic.hr +385 98 167 1793 \u00a0<\/p>\n","protected":false},"author":2,"featured_media":0,"parent":0,"menu_order":3,"comment_status":"closed","ping_status":"closed","template":"no-sidebar.php","meta":{"footnotes":""},"class_list":["post-70","page","type-page","status-publish","hentry"],"aioseo_notices":[],"_links":{"self":[{"href":"https:\/\/www.autodizalice-anic.hr\/en\/wp-json\/wp\/v2\/pages\/70","targetHints":{"allow":["GET"]}}],"collection":[{"href":"https:\/\/www.autodizalice-anic.hr\/en\/wp-json\/wp\/v2\/pages"}],"about":[{"href":"https:\/\/www.autodizalice-anic.hr\/en\/wp-json\/wp\/v2\/types\/page"}],"author":[{"embeddable":true,"href":"https:\/\/www.autodizalice-anic.hr\/en\/wp-json\/wp\/v2\/users\/2"}],"replies":[{"embeddable":true,"href":"https:\/\/www.autodizalice-anic.hr\/en\/wp-json\/wp\/v2\/comments?post=70"}],"version-history":[{"count":8,"href":"https:\/\/www.autodizalice-anic.hr\/en\/wp-json\/wp\/v2\/pages\/70\/revisions"}],"predecessor-version":[{"id":652,"href":"https:\/\/www.autodizalice-anic.hr\/en\/wp-json\/wp\/v2\/pages\/70\/revisions\/652"}],"wp:attachment":[{"href":"https:\/\/www.autodizalice-anic.hr\/en\/wp-json\/wp\/v2\/media?parent=70"}],"curies":[{"name":"wp","href":"https:\/\/api.w.org\/{rel}","templated":true}]}}