{"id":53,"date":"2017-01-17T22:07:45","date_gmt":"2017-01-17T21:07:45","guid":{"rendered":"https:\/\/autodizaliceanic.000webhostapp.com\/?page_id=53"},"modified":"2017-03-07T10:17:43","modified_gmt":"2017-03-07T10:17:43","slug":"70t","status":"publish","type":"page","link":"https:\/\/www.autodizalice-anic.hr\/en\/dizalice\/70t\/","title":{"rendered":"70T"},"content":{"rendered":"<div id=\"Block_wpape_gallery_69e5d03333de9\" style=\"width:100%;float: left; display: none;\"><div class=\"wpape_gallery_button wpape_gallery_align_left\"  id=\"wpape_gallery_69e5d03333de9filter\"><a href=\"#\" data-filter=\".category324\" class=\" apebtn apebtn-flat apebtn-highlight \" style=\"margin-right:5px;margin-bottom:10px;\">Technical characteristics 70T<\/a><\/div><div id=\"wpape_gallery_69e5d03333de9\" data-options=\"wpape_gallery_69e5d03333de9\" style=\"width:100%;\" class=\"wpape_gallery\"><div class=\"wpape-img category324\" ><div class=\"wpape-img-image  wpape-lightbox\"  ><div data-thumbnail=\"https:\/\/www.autodizalice-anic.hr\/wp-content\/uploads\/2017\/02\/70T-TS-D1.png\" title=\"70T-TS-D1\" data-width=\"684\" data-height=\"745\" ><\/div><div data-popup=\"https:\/\/www.autodizalice-anic.hr\/wp-content\/uploads\/2017\/02\/70T-TS-D1.png\"  title=\"70T-TS-D1\"><\/div><div class=\"thumbnail-overlay\"><div class=\"wpapeTitle \">70T-TS-D1<\/div><div class=\"wpapeIcons\"><i class=\"fa fa-plus wpapeZoomIcon \" ><\/i><\/div><\/div><\/div><\/div><div class=\"wpape-img category324\" ><div class=\"wpape-img-image  wpape-lightbox\"  ><div data-thumbnail=\"https:\/\/www.autodizalice-anic.hr\/wp-content\/uploads\/2017\/02\/70T-TS-D2.png\" title=\"70T-TS-D2\" data-width=\"703\" data-height=\"761\" ><\/div><div data-popup=\"https:\/\/www.autodizalice-anic.hr\/wp-content\/uploads\/2017\/02\/70T-TS-D2.png\"  title=\"70T-TS-D2\"><\/div><div class=\"thumbnail-overlay\"><div class=\"wpapeTitle \">70T-TS-D2<\/div><div class=\"wpapeIcons\"><i class=\"fa fa-plus wpapeZoomIcon \" ><\/i><\/div><\/div><\/div><\/div><\/div><\/div><script>var wpape_gallery_69e5d03333de9 = {\"filterContainer\": \"#wpape_gallery_69e5d03333de9filter\", \"touch\": 1, \"columns\": 3, \"columnWidth\": \"auto\", \"resolutions\": [{\"columnWidth\": \"auto\" , \"columns\":3 , \"maxWidth\": 960} , {\"columnWidth\": \"auto\" , \"columns\":2 , \"maxWidth\": 650} , {\"columnWidth\": \"auto\" , \"columns\":1 , \"maxWidth\": 450}], \"borderSize\": \"1\", \"overlayEffect\": \"direction-aware-fade\", \"boxesToLoadStart\": \"12\", \"boxesToLoad\": \"8\", \"lazyLoad\": true, \"LoadingWord\": \"Gallery images loading\", \"loadMoreWord\": \"More images\", \"noMoreEntriesWord\": \"No images\", \"loadMoreClass\": \" apebtn apebtn-flat apebtn-highlight \", \"horizontalSpaceBetweenBoxes\": 15, \"verticalSpaceBetweenBoxes\": 15}, wpape_gallery_69e5d03333de9_css = \"body .mfp-ready.mfp-bg{background-color: rgba(11, 11, 11, 0.8);}#wpape_gallery_69e5d03333de9 .wpape-img-container{ -webkit-border-radius: 5px;-moz-border-radius: 5px;border-radius: 5px;border: 1px solid rgb(253, 211, 0) ;-webkit-box-shadow:0px 5px 7px rgba(34, 25, 25, 0.4) ;-moz-box-shadow: \t0px 5px 7px rgba(34, 25, 25, 0.4) ;-o-box-shadow: \t0px 5px 7px rgba(34, 25, 25, 0.4) ;-ms-box-shadow: \t0px 5px 7px rgba(34, 25, 25, 0.4) ;box-shadow: \t\t0px 5px 7px rgba(34, 25, 25, 0.4) ;}#wpape_gallery_69e5d03333de9 .wpapeTitle{ font-size:12px; line-height:88%; color:rgb(255, 255, 255); font-weight:bold; font-style:normal; text-decoration:none;}#wpape_gallery_69e5d03333de9 .wpapeTitle:hover{color:rgb(255, 255, 255);}#wpape_gallery_69e5d03333de9 .thumbnail-overlay{background:rgba(7, 7, 7, 0.5);}#wpape_gallery_69e5d03333de9 .wpapeZoomIcon{ font-size:22px; line-height:88%; color:rgb(255, 255, 255);background:rgba(0, 0, 0, 0);}#wpape_gallery_69e5d03333de9 .wpapeZoomIcon:hover{color:rgb(255, 255, 255);background:rgba(0, 0, 0, 0);}#wpape_gallery_69e5d03333de9 .image-with-dimensions{background-color: rgb(255,255,255);}body .mfp-title, body .mfp-counter{color: rgb(253, 211, 0);}\",apeGalleryDelay = 1000; head = document.head || document.getElementsByTagName(\"head\")[0], style = document.createElement(\"style\"); style.type = \"text\/css\"; if (style.styleSheet) style.styleSheet.cssText = wpape_gallery_69e5d03333de9_css; \telse  style.appendChild(document.createTextNode(wpape_gallery_69e5d03333de9_css)); head.appendChild(style);<\/script>\n<p>&nbsp;<\/p>\n<p>&nbsp;<\/p>\n<div id=\"Block_wpape_gallery_69e5d03336809\" style=\"width:100%; display: none;\"><div class=\"wpape_gallery_button wpape_gallery_align_left\"  id=\"wpape_gallery_69e5d03336809filter\"><a href=\"#\" data-filter=\".category284\" class=\" apebtn apebtn-flat apebtn-highlight \" style=\"margin-right:5px;margin-bottom:10px;\">Gallery 70T<\/a><\/div><div id=\"wpape_gallery_69e5d03336809\" data-options=\"wpape_gallery_69e5d03336809\" style=\"width:100%;\" class=\"wpape_gallery\"><div class=\"wpape-img category284\" ><div class=\"wpape-img-image  wpape-lightbox\"  ><div data-thumbnail=\"https:\/\/www.autodizalice-anic.hr\/wp-content\/uploads\/2017\/02\/Montaza-stakla-hotel-Hilton-225x300.jpg\" title=\"Monta\u017ea stakla- hotel Hilton\" data-width=\"225\" data-height=\"300\" ><\/div><div data-popup=\"https:\/\/www.autodizalice-anic.hr\/wp-content\/uploads\/2017\/02\/Montaza-stakla-hotel-Hilton.jpg\"  title=\"Monta\u017ea stakla- hotel Hilton\"><\/div><div class=\"thumbnail-overlay\"><div class=\"wpapeTitle \">Monta\u017ea stakla- hotel Hilton<\/div><div class=\"wpapeIcons\"><i class=\"fa fa-plus wpapeZoomIcon \" ><\/i><\/div><\/div><\/div><\/div><div class=\"wpape-img category284\" ><div class=\"wpape-img-image  wpape-lightbox\"  ><div data-thumbnail=\"https:\/\/www.autodizalice-anic.hr\/wp-content\/uploads\/2017\/02\/Montaza-klima-uredaja-225x300.jpg\" title=\"Monta\u017ea klima ure\u0111aja\" data-width=\"225\" data-height=\"300\" ><\/div><div data-popup=\"https:\/\/www.autodizalice-anic.hr\/wp-content\/uploads\/2017\/02\/Montaza-klima-uredaja.jpg\"  title=\"Monta\u017ea klima ure\u0111aja\"><\/div><div class=\"thumbnail-overlay\"><div class=\"wpapeTitle \">Monta\u017ea klima ure\u0111aja<\/div><div class=\"wpapeIcons\"><i class=\"fa fa-plus wpapeZoomIcon \" ><\/i><\/div><\/div><\/div><\/div><div class=\"wpape-img category284\" ><div class=\"wpape-img-image  wpape-lightbox\"  ><div data-thumbnail=\"https:\/\/www.autodizalice-anic.hr\/wp-content\/uploads\/2017\/02\/spustanje-masline-225x300.jpg\" title=\"Spu\u0161tanje masline\" data-width=\"225\" data-height=\"300\" ><\/div><div data-popup=\"https:\/\/www.autodizalice-anic.hr\/wp-content\/uploads\/2017\/02\/spustanje-masline.jpg\"  title=\"Spu\u0161tanje masline\"><\/div><div class=\"thumbnail-overlay\"><div class=\"wpapeTitle \">Spu\u0161tanje masline<\/div><div class=\"wpapeIcons\"><i class=\"fa fa-plus wpapeZoomIcon \" ><\/i><\/div><\/div><\/div><\/div><div class=\"wpape-img category284\" ><div class=\"wpape-img-image  wpape-lightbox\"  ><div data-thumbnail=\"https:\/\/www.autodizalice-anic.hr\/wp-content\/uploads\/2017\/02\/Vadenje-broda-iz-jezera-Bajer-225x300.jpg\" title=\"Va\u0111enje broda iz jezera Bajer\" data-width=\"225\" data-height=\"300\" ><\/div><div data-popup=\"https:\/\/www.autodizalice-anic.hr\/wp-content\/uploads\/2017\/02\/Vadenje-broda-iz-jezera-Bajer.jpg\"  title=\"Va\u0111enje broda iz jezera Bajer\"><\/div><div class=\"thumbnail-overlay\"><div class=\"wpapeTitle \">Va\u0111enje broda iz jezera Bajer<\/div><div class=\"wpapeIcons\"><i class=\"fa fa-plus wpapeZoomIcon \" ><\/i><\/div><\/div><\/div><\/div><div class=\"wpape-img category284\" ><div class=\"wpape-img-image  wpape-lightbox\"  ><div data-thumbnail=\"https:\/\/www.autodizalice-anic.hr\/wp-content\/uploads\/2017\/02\/Vadenje-broda-iz-jezera-Bajer-4-300x225.jpg\" title=\"Va\u0111enje broda iz jezera Bajer (4)\" data-width=\"300\" data-height=\"225\" ><\/div><div data-popup=\"https:\/\/www.autodizalice-anic.hr\/wp-content\/uploads\/2017\/02\/Vadenje-broda-iz-jezera-Bajer-4.jpg\"  title=\"Va\u0111enje broda iz jezera Bajer (4)\"><\/div><div class=\"thumbnail-overlay\"><div class=\"wpapeTitle \">Va\u0111enje broda iz jezera Bajer (4)<\/div><div class=\"wpapeIcons\"><i class=\"fa fa-plus wpapeZoomIcon \" ><\/i><\/div><\/div><\/div><\/div><div class=\"wpape-img category284\" ><div class=\"wpape-img-image  wpape-lightbox\"  ><div data-thumbnail=\"https:\/\/www.autodizalice-anic.hr\/wp-content\/uploads\/2017\/02\/Vadenje-broda-iz-jezera-Bajer-3-300x225.jpg\" title=\"Va\u0111enje broda iz jezera Bajer (3)\" data-width=\"300\" data-height=\"225\" ><\/div><div data-popup=\"https:\/\/www.autodizalice-anic.hr\/wp-content\/uploads\/2017\/02\/Vadenje-broda-iz-jezera-Bajer-3.jpg\"  title=\"Va\u0111enje broda iz jezera Bajer (3)\"><\/div><div class=\"thumbnail-overlay\"><div class=\"wpapeTitle \">Va\u0111enje broda iz jezera Bajer (3)<\/div><div class=\"wpapeIcons\"><i class=\"fa fa-plus wpapeZoomIcon \" ><\/i><\/div><\/div><\/div><\/div><div class=\"wpape-img category284\" ><div class=\"wpape-img-image  wpape-lightbox\"  ><div data-thumbnail=\"https:\/\/www.autodizalice-anic.hr\/wp-content\/uploads\/2017\/02\/Vadenje-broda-iz-jezera-Bajer-2-300x225.jpg\" title=\"Va\u0111enje broda iz jezera Bajer (2)\" data-width=\"300\" data-height=\"225\" ><\/div><div data-popup=\"https:\/\/www.autodizalice-anic.hr\/wp-content\/uploads\/2017\/02\/Vadenje-broda-iz-jezera-Bajer-2.jpg\"  title=\"Va\u0111enje broda iz jezera Bajer (2)\"><\/div><div class=\"thumbnail-overlay\"><div class=\"wpapeTitle \">Va\u0111enje broda iz jezera Bajer (2)<\/div><div class=\"wpapeIcons\"><i class=\"fa fa-plus wpapeZoomIcon \" ><\/i><\/div><\/div><\/div><\/div><div class=\"wpape-img category284\" ><div class=\"wpape-img-image  wpape-lightbox\"  ><div data-thumbnail=\"https:\/\/www.autodizalice-anic.hr\/wp-content\/uploads\/2017\/02\/Dizanje-konstrukcije-225x300.jpg\" title=\"Dizanje konstrukcije\" data-width=\"225\" data-height=\"300\" ><\/div><div data-popup=\"https:\/\/www.autodizalice-anic.hr\/wp-content\/uploads\/2017\/02\/Dizanje-konstrukcije.jpg\"  title=\"Dizanje konstrukcije\"><\/div><div class=\"thumbnail-overlay\"><div class=\"wpapeTitle \">Dizanje konstrukcije<\/div><div class=\"wpapeIcons\"><i class=\"fa fa-plus wpapeZoomIcon \" ><\/i><\/div><\/div><\/div><\/div><div class=\"wpape-img category284\" ><div class=\"wpape-img-image  wpape-lightbox\"  ><div data-thumbnail=\"https:\/\/www.autodizalice-anic.hr\/wp-content\/uploads\/2017\/02\/Dizanje-bagera-225x300.jpg\" title=\"Dizanje bagera\" data-width=\"225\" data-height=\"300\" ><\/div><div data-popup=\"https:\/\/www.autodizalice-anic.hr\/wp-content\/uploads\/2017\/02\/Dizanje-bagera.jpg\"  title=\"Dizanje bagera\"><\/div><div class=\"thumbnail-overlay\"><div class=\"wpapeTitle \">Dizanje bagera<\/div><div class=\"wpapeIcons\"><i class=\"fa fa-plus wpapeZoomIcon \" ><\/i><\/div><\/div><\/div><\/div><div class=\"wpape-img category284\" ><div class=\"wpape-img-image  wpape-lightbox\"  ><div data-thumbnail=\"https:\/\/www.autodizalice-anic.hr\/wp-content\/uploads\/2017\/03\/Monta\u017ea-gra\u0111evinskog-krana-169x300.jpg\" title=\"Monta\u017ea gra\u0111evinskog krana\" data-width=\"169\" data-height=\"300\" ><\/div><div data-popup=\"https:\/\/www.autodizalice-anic.hr\/wp-content\/uploads\/2017\/03\/Monta\u017ea-gra\u0111evinskog-krana.jpg\"  title=\"Monta\u017ea gra\u0111evinskog krana\"><\/div><div class=\"thumbnail-overlay\"><div class=\"wpapeTitle \">Monta\u017ea gra\u0111evinskog krana<\/div><div class=\"wpapeIcons\"><i class=\"fa fa-plus wpapeZoomIcon \" ><\/i><\/div><\/div><\/div><\/div><div class=\"wpape-img category284\" ><div class=\"wpape-img-image  wpape-lightbox\"  ><div data-thumbnail=\"https:\/\/www.autodizalice-anic.hr\/wp-content\/uploads\/2017\/03\/Zapadni-trgova\u010dki-centar-Rijeka-1-300x225.jpg\" title=\"Zapadni trgova\u010dki centar Rijeka\" data-width=\"300\" data-height=\"225\" ><\/div><div data-popup=\"https:\/\/www.autodizalice-anic.hr\/wp-content\/uploads\/2017\/03\/Zapadni-trgova\u010dki-centar-Rijeka-1.jpg\"  title=\"Zapadni trgova\u010dki centar Rijeka\"><\/div><div class=\"thumbnail-overlay\"><div class=\"wpapeTitle \">Zapadni trgova\u010dki centar Rijeka<\/div><div class=\"wpapeIcons\"><i class=\"fa fa-plus wpapeZoomIcon \" ><\/i><\/div><\/div><\/div><\/div><div class=\"wpape-img category284\" ><div class=\"wpape-img-image  wpape-lightbox\"  ><div data-thumbnail=\"https:\/\/www.autodizalice-anic.hr\/wp-content\/uploads\/2017\/03\/Utovar-radnog-stroja-1-225x300.jpg\" title=\"Utovar radnog stroja\" data-width=\"225\" data-height=\"300\" ><\/div><div data-popup=\"https:\/\/www.autodizalice-anic.hr\/wp-content\/uploads\/2017\/03\/Utovar-radnog-stroja-1.jpg\"  title=\"Utovar radnog stroja\"><\/div><div class=\"thumbnail-overlay\"><div class=\"wpapeTitle \">Utovar radnog stroja<\/div><div class=\"wpapeIcons\"><i class=\"fa fa-plus wpapeZoomIcon \" ><\/i><\/div><\/div><\/div><\/div><div class=\"wpape-img category284\" ><div class=\"wpape-img-image  wpape-lightbox\"  ><div data-thumbnail=\"https:\/\/www.autodizalice-anic.hr\/wp-content\/uploads\/2017\/03\/Rad-na-betonari-1-200x300.jpg\" title=\"Rad na betonari\" data-width=\"200\" data-height=\"300\" ><\/div><div data-popup=\"https:\/\/www.autodizalice-anic.hr\/wp-content\/uploads\/2017\/03\/Rad-na-betonari-1.jpg\"  title=\"Rad na betonari\"><\/div><div class=\"thumbnail-overlay\"><div class=\"wpapeTitle \">Rad na betonari<\/div><div class=\"wpapeIcons\"><i class=\"fa fa-plus wpapeZoomIcon \" ><\/i><\/div><\/div><\/div><\/div><div class=\"wpape-img category284\" ><div class=\"wpape-img-image  wpape-lightbox\"  ><div data-thumbnail=\"https:\/\/www.autodizalice-anic.hr\/wp-content\/uploads\/2017\/03\/Postavljanje-monta\u017ene-ku\u0107ice-1-300x225.jpg\" title=\"Postavljanje monta\u017ene ku\u0107ice\" data-width=\"300\" data-height=\"225\" ><\/div><div data-popup=\"https:\/\/www.autodizalice-anic.hr\/wp-content\/uploads\/2017\/03\/Postavljanje-monta\u017ene-ku\u0107ice-1.jpg\"  title=\"Postavljanje monta\u017ene ku\u0107ice\"><\/div><div class=\"thumbnail-overlay\"><div class=\"wpapeTitle \">Postavljanje monta\u017ene ku\u0107ice<\/div><div class=\"wpapeIcons\"><i class=\"fa fa-plus wpapeZoomIcon \" ><\/i><\/div><\/div><\/div><\/div><div class=\"wpape-img category284\" ><div class=\"wpape-img-image  wpape-lightbox\"  ><div data-thumbnail=\"https:\/\/www.autodizalice-anic.hr\/wp-content\/uploads\/2017\/03\/Podizanje-crkvenog-tornja-u-Opatiji-1-300x169.jpg\" title=\"Podizanje crkvenog tornja u Opatiji\" data-width=\"300\" data-height=\"169\" ><\/div><div data-popup=\"https:\/\/www.autodizalice-anic.hr\/wp-content\/uploads\/2017\/03\/Podizanje-crkvenog-tornja-u-Opatiji-1.jpg\"  title=\"Podizanje crkvenog tornja u Opatiji\"><\/div><div class=\"thumbnail-overlay\"><div class=\"wpapeTitle \">Podizanje crkvenog tornja u Opatiji<\/div><div class=\"wpapeIcons\"><i class=\"fa fa-plus wpapeZoomIcon \" ><\/i><\/div><\/div><\/div><\/div><div class=\"wpape-img category284\" ><div class=\"wpape-img-image  wpape-lightbox\"  ><div data-thumbnail=\"https:\/\/www.autodizalice-anic.hr\/wp-content\/uploads\/2017\/03\/Obnova-krovi\u0161ta-O\u0160-Milan-Brozovi\u0107-Kastav-1-169x300.jpg\" title=\"Obnova krovi\u0161ta O\u0160 Milan Brozovi\u0107 Kastav\" data-width=\"169\" data-height=\"300\" ><\/div><div data-popup=\"https:\/\/www.autodizalice-anic.hr\/wp-content\/uploads\/2017\/03\/Obnova-krovi\u0161ta-O\u0160-Milan-Brozovi\u0107-Kastav-1.jpg\"  title=\"Obnova krovi\u0161ta O\u0160 Milan Brozovi\u0107 Kastav\"><\/div><div class=\"thumbnail-overlay\"><div class=\"wpapeTitle \">Obnova krovi\u0161ta O\u0160 Milan Brozovi\u0107 Kastav<\/div><div class=\"wpapeIcons\"><i class=\"fa fa-plus wpapeZoomIcon \" ><\/i><\/div><\/div><\/div><\/div><div class=\"wpape-img category284\" ><div class=\"wpape-img-image  wpape-lightbox\"  ><div data-thumbnail=\"https:\/\/www.autodizalice-anic.hr\/wp-content\/uploads\/2017\/03\/Monta\u017ea-betonske-konstrukcije-1-300x169.jpg\" title=\"Monta\u017ea betonske konstrukcije\" data-width=\"300\" data-height=\"169\" ><\/div><div data-popup=\"https:\/\/www.autodizalice-anic.hr\/wp-content\/uploads\/2017\/03\/Monta\u017ea-betonske-konstrukcije-1.jpg\"  title=\"Monta\u017ea betonske konstrukcije\"><\/div><div class=\"thumbnail-overlay\"><div class=\"wpapeTitle \">Monta\u017ea betonske konstrukcije<\/div><div class=\"wpapeIcons\"><i class=\"fa fa-plus wpapeZoomIcon \" ><\/i><\/div><\/div><\/div><\/div><div class=\"wpape-img category284\" ><div class=\"wpape-img-image  wpape-lightbox\"  ><div data-thumbnail=\"https:\/\/www.autodizalice-anic.hr\/wp-content\/uploads\/2017\/03\/Monta\u017ea-a.b.-elemenata-1-225x300.jpg\" title=\"Monta\u017ea a.b. elemenata\" data-width=\"225\" data-height=\"300\" ><\/div><div data-popup=\"https:\/\/www.autodizalice-anic.hr\/wp-content\/uploads\/2017\/03\/Monta\u017ea-a.b.-elemenata-1.jpg\"  title=\"Monta\u017ea a.b. elemenata\"><\/div><div class=\"thumbnail-overlay\"><div class=\"wpapeTitle \">Monta\u017ea a.b. elemenata<\/div><div class=\"wpapeIcons\"><i class=\"fa fa-plus wpapeZoomIcon \" ><\/i><\/div><\/div><\/div><\/div><div class=\"wpape-img category284\"  data-columns=\"1\" ><div class=\"wpape-img-image  wpape-lightbox\"  ><div data-thumbnail=\"https:\/\/www.autodizalice-anic.hr\/wp-content\/uploads\/2017\/03\/Lidl-Crikvenica-monta\u017ea-betonske-konstrukcije-1-169x300.jpg\" title=\"Lidl Crikvenica -monta\u017ea betonske konstrukcije\" data-width=\"169\" data-height=\"300\" ><\/div><div data-popup=\"https:\/\/www.autodizalice-anic.hr\/wp-content\/uploads\/2017\/03\/Lidl-Crikvenica-monta\u017ea-betonske-konstrukcije-1.jpg\"  title=\"Lidl Crikvenica -monta\u017ea betonske konstrukcije\"><\/div><div class=\"thumbnail-overlay\"><div class=\"wpapeTitle \">Lidl Crikvenica -monta\u017ea betonske konstrukcije<\/div><div class=\"wpapeIcons\"><i class=\"fa fa-plus wpapeZoomIcon \" ><\/i><\/div><\/div><\/div><\/div><\/div><\/div><script>var wpape_gallery_69e5d03336809 = {\"filterContainer\": \"#wpape_gallery_69e5d03336809filter\", \"touch\": 1, \"columns\": 3, \"columnWidth\": \"auto\", \"resolutions\": [{\"columnWidth\": \"auto\" , \"columns\":3 , \"maxWidth\": 960} , {\"columnWidth\": \"auto\" , \"columns\":2 , \"maxWidth\": 650} , {\"columnWidth\": \"auto\" , \"columns\":1 , \"maxWidth\": 450}], \"borderSize\": \"1\", \"overlayEffect\": \"direction-aware-fade\", \"boxesToLoadStart\": \"12\", \"boxesToLoad\": \"8\", \"lazyLoad\": true, \"LoadingWord\": \"Gallery images loading\", \"loadMoreWord\": \"More images\", \"noMoreEntriesWord\": \"No images\", \"loadMoreClass\": \" apebtn apebtn-flat apebtn-highlight \", \"horizontalSpaceBetweenBoxes\": 15, \"verticalSpaceBetweenBoxes\": 15}, wpape_gallery_69e5d03336809_css = \"body .mfp-ready.mfp-bg{background-color: rgba(11, 11, 11, 0.8);}#wpape_gallery_69e5d03336809 .wpape-img-container{ -webkit-border-radius: 5px;-moz-border-radius: 5px;border-radius: 5px;border: 1px solid rgb(253, 211, 0) ;-webkit-box-shadow:0px 5px 7px rgba(34, 25, 25, 0.4) ;-moz-box-shadow: \t0px 5px 7px rgba(34, 25, 25, 0.4) ;-o-box-shadow: \t0px 5px 7px rgba(34, 25, 25, 0.4) ;-ms-box-shadow: \t0px 5px 7px rgba(34, 25, 25, 0.4) ;box-shadow: \t\t0px 5px 7px rgba(34, 25, 25, 0.4) ;}#wpape_gallery_69e5d03336809 .wpapeTitle{ font-size:12px; line-height:88%; color:rgb(255, 255, 255); font-weight:bold; font-style:normal; text-decoration:none;}#wpape_gallery_69e5d03336809 .wpapeTitle:hover{color:rgb(255, 255, 255);}#wpape_gallery_69e5d03336809 .thumbnail-overlay{background:rgba(7, 7, 7, 0.5);}#wpape_gallery_69e5d03336809 .wpapeZoomIcon{ font-size:22px; line-height:88%; color:rgb(255, 255, 255);background:rgba(0, 0, 0, 0);}#wpape_gallery_69e5d03336809 .wpapeZoomIcon:hover{color:rgb(255, 255, 255);background:rgba(0, 0, 0, 0);}#wpape_gallery_69e5d03336809 .image-with-dimensions{background-color: rgb(255, 255, 255);}body .mfp-title, body .mfp-counter{color: rgb(253, 211, 0);}\",apeGalleryDelay = 1000; head = document.head || document.getElementsByTagName(\"head\")[0], style = document.createElement(\"style\"); style.type = \"text\/css\"; if (style.styleSheet) style.styleSheet.cssText = wpape_gallery_69e5d03336809_css; \telse  style.appendChild(document.createTextNode(wpape_gallery_69e5d03336809_css)); head.appendChild(style);<\/script>","protected":false},"excerpt":{"rendered":"<p>&nbsp; &nbsp;<\/p>\n","protected":false},"author":2,"featured_media":0,"parent":184,"menu_order":2,"comment_status":"closed","ping_status":"closed","template":"no-sidebar.php","meta":{"footnotes":""},"class_list":["post-53","page","type-page","status-publish","hentry"],"aioseo_notices":[],"_links":{"self":[{"href":"https:\/\/www.autodizalice-anic.hr\/en\/wp-json\/wp\/v2\/pages\/53","targetHints":{"allow":["GET"]}}],"collection":[{"href":"https:\/\/www.autodizalice-anic.hr\/en\/wp-json\/wp\/v2\/pages"}],"about":[{"href":"https:\/\/www.autodizalice-anic.hr\/en\/wp-json\/wp\/v2\/types\/page"}],"author":[{"embeddable":true,"href":"https:\/\/www.autodizalice-anic.hr\/en\/wp-json\/wp\/v2\/users\/2"}],"replies":[{"embeddable":true,"href":"https:\/\/www.autodizalice-anic.hr\/en\/wp-json\/wp\/v2\/comments?post=53"}],"version-history":[{"count":6,"href":"https:\/\/www.autodizalice-anic.hr\/en\/wp-json\/wp\/v2\/pages\/53\/revisions"}],"predecessor-version":[{"id":349,"href":"https:\/\/www.autodizalice-anic.hr\/en\/wp-json\/wp\/v2\/pages\/53\/revisions\/349"}],"up":[{"embeddable":true,"href":"https:\/\/www.autodizalice-anic.hr\/en\/wp-json\/wp\/v2\/pages\/184"}],"wp:attachment":[{"href":"https:\/\/www.autodizalice-anic.hr\/en\/wp-json\/wp\/v2\/media?parent=53"}],"curies":[{"name":"wp","href":"https:\/\/api.w.org\/{rel}","templated":true}]}}