{"id":51,"date":"2017-01-17T22:07:23","date_gmt":"2017-01-17T21:07:23","guid":{"rendered":"https:\/\/autodizaliceanic.000webhostapp.com\/?page_id=51"},"modified":"2017-03-07T10:17:17","modified_gmt":"2017-03-07T10:17:17","slug":"50t","status":"publish","type":"page","link":"https:\/\/www.autodizalice-anic.hr\/en\/dizalice\/50t\/","title":{"rendered":"50T"},"content":{"rendered":"<div id=\"Block_wpape_gallery_69e5cd62c1c5b\" style=\"width:100%; display: none;\"><div class=\"wpape_gallery_button wpape_gallery_align_left\"  id=\"wpape_gallery_69e5cd62c1c5bfilter\"><a href=\"#\" data-filter=\".category330\" class=\" apebtn apebtn-flat apebtn-highlight \" style=\"margin-right:5px;margin-bottom:10px;\"> Technical characteristics 50T<\/a><\/div><div id=\"wpape_gallery_69e5cd62c1c5b\" data-options=\"wpape_gallery_69e5cd62c1c5b\" style=\"width:100%;\" class=\"wpape_gallery\"><div class=\"wpape-img category330\" ><div class=\"wpape-img-image  wpape-lightbox\"  ><div data-thumbnail=\"https:\/\/www.autodizalice-anic.hr\/wp-content\/uploads\/2017\/02\/50T-TS-D1-269x300.png\" title=\"Dijagram nosivosti 50T\" data-width=\"269\" data-height=\"300\" ><\/div><div data-popup=\"https:\/\/www.autodizalice-anic.hr\/wp-content\/uploads\/2017\/02\/50T-TS-D1.png\"  title=\"Dijagram nosivosti 50T\"><\/div><div class=\"thumbnail-overlay\"><div class=\"wpapeTitle \">Dijagram nosivosti 50T<\/div><div class=\"wpapeIcons\"><i class=\"fa fa-plus wpapeZoomIcon \" ><\/i><\/div><\/div><\/div><\/div><div class=\"wpape-img category330\" ><div class=\"wpape-img-image  wpape-lightbox\"  ><div data-thumbnail=\"https:\/\/www.autodizalice-anic.hr\/wp-content\/uploads\/2017\/02\/50T-TS-D2-300x290.png\" title=\"\" data-width=\"300\" data-height=\"290\" ><\/div><div data-popup=\"https:\/\/www.autodizalice-anic.hr\/wp-content\/uploads\/2017\/02\/50T-TS-D2.png\"  title=\"\"><\/div><div class=\"thumbnail-overlay\"><div class=\"wpapeTitle \"><\/div><div class=\"wpapeIcons\"><i class=\"fa fa-plus wpapeZoomIcon \" ><\/i><\/div><\/div><\/div><\/div><\/div><\/div><script>var wpape_gallery_69e5cd62c1c5b = {\"filterContainer\": \"#wpape_gallery_69e5cd62c1c5bfilter\", \"touch\": 1, \"columns\": 3, \"columnWidth\": \"auto\", \"resolutions\": [{\"columnWidth\": \"auto\" , \"columns\":3 , \"maxWidth\": 960} , {\"columnWidth\": \"auto\" , \"columns\":2 , \"maxWidth\": 650} , {\"columnWidth\": \"auto\" , \"columns\":1 , \"maxWidth\": 450}], \"borderSize\": \"1\", \"overlayEffect\": \"direction-aware-fade\", \"boxesToLoadStart\": \"12\", \"boxesToLoad\": \"8\", \"lazyLoad\": true, \"LoadingWord\": \"Gallery images loading\", \"loadMoreWord\": \"More images\", \"noMoreEntriesWord\": \"No images\", \"loadMoreClass\": \" apebtn apebtn-flat apebtn-highlight \", \"horizontalSpaceBetweenBoxes\": 15, \"verticalSpaceBetweenBoxes\": 15}, wpape_gallery_69e5cd62c1c5b_css = \"body .mfp-ready.mfp-bg{background-color: rgba(11, 11, 11, 0.8);}#wpape_gallery_69e5cd62c1c5b .wpape-img-container{ -webkit-border-radius: 5px;-moz-border-radius: 5px;border-radius: 5px;border: 1px solid rgb(253, 211, 0) ;-webkit-box-shadow:0px 5px 7px rgba(34, 25, 25, 0.4) ;-moz-box-shadow: \t0px 5px 7px rgba(34, 25, 25, 0.4) ;-o-box-shadow: \t0px 5px 7px rgba(34, 25, 25, 0.4) ;-ms-box-shadow: \t0px 5px 7px rgba(34, 25, 25, 0.4) ;box-shadow: \t\t0px 5px 7px rgba(34, 25, 25, 0.4) ;}#wpape_gallery_69e5cd62c1c5b .wpapeTitle{ font-size:12px; line-height:88%; color:rgb(255, 255, 255); font-weight:bold; font-style:normal; text-decoration:none;}#wpape_gallery_69e5cd62c1c5b .wpapeTitle:hover{color:rgb(255, 255, 255);}#wpape_gallery_69e5cd62c1c5b .thumbnail-overlay{background:rgba(7, 7, 7, 0.5);}#wpape_gallery_69e5cd62c1c5b .wpapeZoomIcon{ font-size:22px; line-height:88%; color:rgb(255, 255, 255);background:rgba(0, 0, 0, 0);}#wpape_gallery_69e5cd62c1c5b .wpapeZoomIcon:hover{color:rgb(255, 255, 255);background:rgba(0, 0, 0, 0);}#wpape_gallery_69e5cd62c1c5b .image-with-dimensions{background-color: rgb(255,255,255);}body .mfp-title, body .mfp-counter{color: rgb(253, 211, 0);}\",apeGalleryDelay = 1000; head = document.head || document.getElementsByTagName(\"head\")[0], style = document.createElement(\"style\"); style.type = \"text\/css\"; if (style.styleSheet) style.styleSheet.cssText = wpape_gallery_69e5cd62c1c5b_css; \telse  style.appendChild(document.createTextNode(wpape_gallery_69e5cd62c1c5b_css)); head.appendChild(style);<\/script>\n<p>&nbsp;<\/p>\n<div id=\"Block_wpape_gallery_69e5cd62c41d0\" style=\"width:100%; display: none;\"><div class=\"wpape_gallery_button wpape_gallery_align_left\"  id=\"wpape_gallery_69e5cd62c41d0filter\"><a href=\"#\" data-filter=\".category275\" class=\" apebtn apebtn-flat apebtn-highlight \" style=\"margin-right:5px;margin-bottom:10px;\">Gallery 50T<\/a><\/div><div id=\"wpape_gallery_69e5cd62c41d0\" data-options=\"wpape_gallery_69e5cd62c41d0\" style=\"width:100%;\" class=\"wpape_gallery\"><div class=\"wpape-img category275\" ><div class=\"wpape-img-image  wpape-lightbox\"  ><div data-thumbnail=\"https:\/\/www.autodizalice-anic.hr\/wp-content\/uploads\/2017\/03\/Krupp-KMK-300x169.jpg\" title=\"Krupp KMK\" data-width=\"300\" data-height=\"169\" ><\/div><div data-popup=\"https:\/\/www.autodizalice-anic.hr\/wp-content\/uploads\/2017\/03\/Krupp-KMK.jpg\"  title=\"Krupp KMK\"><\/div><div class=\"thumbnail-overlay\"><div class=\"wpapeTitle \">Krupp KMK<\/div><div class=\"wpapeIcons\"><i class=\"fa fa-plus wpapeZoomIcon \" ><\/i><\/div><\/div><\/div><\/div><div class=\"wpape-img category275\" ><div class=\"wpape-img-image  wpape-lightbox\"  ><div data-thumbnail=\"https:\/\/www.autodizalice-anic.hr\/wp-content\/uploads\/2017\/03\/Krupp-KMK-50T-300x169.jpg\" title=\"Krupp KMK 50T\" data-width=\"300\" data-height=\"169\" ><\/div><div data-popup=\"https:\/\/www.autodizalice-anic.hr\/wp-content\/uploads\/2017\/03\/Krupp-KMK-50T.jpg\"  title=\"Krupp KMK 50T\"><\/div><div class=\"thumbnail-overlay\"><div class=\"wpapeTitle \">Krupp KMK 50T<\/div><div class=\"wpapeIcons\"><i class=\"fa fa-plus wpapeZoomIcon \" ><\/i><\/div><\/div><\/div><\/div><div class=\"wpape-img category275\" ><div class=\"wpape-img-image  wpape-lightbox\"  ><div data-thumbnail=\"https:\/\/www.autodizalice-anic.hr\/wp-content\/uploads\/2017\/03\/Monta\u017ea-betonskih-panela-169x300.jpg\" title=\"Monta\u017ea betonskih panela\" data-width=\"169\" data-height=\"300\" ><\/div><div data-popup=\"https:\/\/www.autodizalice-anic.hr\/wp-content\/uploads\/2017\/03\/Monta\u017ea-betonskih-panela.jpg\"  title=\"Monta\u017ea betonskih panela\"><\/div><div class=\"thumbnail-overlay\"><div class=\"wpapeTitle \">Monta\u017ea betonskih panela<\/div><div class=\"wpapeIcons\"><i class=\"fa fa-plus wpapeZoomIcon \" ><\/i><\/div><\/div><\/div><\/div><div class=\"wpape-img category275\" ><div class=\"wpape-img-image  wpape-lightbox\"  ><div data-thumbnail=\"https:\/\/www.autodizalice-anic.hr\/wp-content\/uploads\/2017\/03\/Monta\u017ea-elemenata-Lu\u010dka-skladi\u0161ta-\u0160krljevo-225x300.jpg\" title=\"Monta\u017ea elemenata-Lu\u010dka skladi\u0161ta \u0160krljevo\" data-width=\"225\" data-height=\"300\" ><\/div><div data-popup=\"https:\/\/www.autodizalice-anic.hr\/wp-content\/uploads\/2017\/03\/Monta\u017ea-elemenata-Lu\u010dka-skladi\u0161ta-\u0160krljevo.jpg\"  title=\"Monta\u017ea elemenata-Lu\u010dka skladi\u0161ta \u0160krljevo\"><\/div><div class=\"thumbnail-overlay\"><div class=\"wpapeTitle \">Monta\u017ea elemenata-Lu\u010dka skladi\u0161ta \u0160krljevo<\/div><div class=\"wpapeIcons\"><i class=\"fa fa-plus wpapeZoomIcon \" ><\/i><\/div><\/div><\/div><\/div><div class=\"wpape-img category275\" ><div class=\"wpape-img-image  wpape-lightbox\"  ><div data-thumbnail=\"https:\/\/www.autodizalice-anic.hr\/wp-content\/uploads\/2017\/03\/Utovar-betonskih-elemenata-300x169.jpg\" title=\"Utovar betonskih elemenata\" data-width=\"300\" data-height=\"169\" ><\/div><div data-popup=\"https:\/\/www.autodizalice-anic.hr\/wp-content\/uploads\/2017\/03\/Utovar-betonskih-elemenata.jpg\"  title=\"Utovar betonskih elemenata\"><\/div><div class=\"thumbnail-overlay\"><div class=\"wpapeTitle \">Utovar betonskih elemenata<\/div><div class=\"wpapeIcons\"><i class=\"fa fa-plus wpapeZoomIcon \" ><\/i><\/div><\/div><\/div><\/div><\/div><\/div><script>var wpape_gallery_69e5cd62c41d0 = {\"filterContainer\": \"#wpape_gallery_69e5cd62c41d0filter\", \"touch\": 1, \"columns\": 3, \"columnWidth\": \"auto\", \"resolutions\": [{\"columnWidth\": \"auto\" , \"columns\":3 , \"maxWidth\": 960} , {\"columnWidth\": \"auto\" , \"columns\":2 , \"maxWidth\": 650} , {\"columnWidth\": \"auto\" , \"columns\":1 , \"maxWidth\": 450}], \"borderSize\": \"1\", \"overlayEffect\": \"direction-aware-fade\", \"boxesToLoadStart\": \"12\", \"boxesToLoad\": \"8\", \"lazyLoad\": true, \"LoadingWord\": \"Gallery images loading\", \"loadMoreWord\": \"More images\", \"noMoreEntriesWord\": \"No images\", \"loadMoreClass\": \" apebtn apebtn-flat apebtn-highlight \", \"horizontalSpaceBetweenBoxes\": 15, \"verticalSpaceBetweenBoxes\": 15}, wpape_gallery_69e5cd62c41d0_css = \"body .mfp-ready.mfp-bg{background-color: rgba(11, 11, 11, 0.8);}#wpape_gallery_69e5cd62c41d0 .wpape-img-container{ -webkit-border-radius: 5px;-moz-border-radius: 5px;border-radius: 5px;border: 1px solid rgb(253, 211, 0) ;-webkit-box-shadow:0px 5px 7px rgba(34, 25, 25, 0.4) ;-moz-box-shadow: \t0px 5px 7px rgba(34, 25, 25, 0.4) ;-o-box-shadow: \t0px 5px 7px rgba(34, 25, 25, 0.4) ;-ms-box-shadow: \t0px 5px 7px rgba(34, 25, 25, 0.4) ;box-shadow: \t\t0px 5px 7px rgba(34, 25, 25, 0.4) ;}#wpape_gallery_69e5cd62c41d0 .wpapeTitle{ font-size:12px; line-height:88%; color:rgb(255, 255, 255); font-weight:bold; font-style:normal; text-decoration:none;}#wpape_gallery_69e5cd62c41d0 .wpapeTitle:hover{color:rgb(255, 255, 255);}#wpape_gallery_69e5cd62c41d0 .thumbnail-overlay{background:rgba(7, 7, 7, 0.5);}#wpape_gallery_69e5cd62c41d0 .wpapeZoomIcon{ font-size:22px; line-height:88%; color:rgb(255, 255, 255);background:rgba(0, 0, 0, 0);}#wpape_gallery_69e5cd62c41d0 .wpapeZoomIcon:hover{color:rgb(255, 255, 255);background:rgba(0, 0, 0, 0);}#wpape_gallery_69e5cd62c41d0 .image-with-dimensions{background-color: rgb(255, 255, 255);}body .mfp-title, body .mfp-counter{color: rgb(253, 211, 0);}\",apeGalleryDelay = 1000; head = document.head || document.getElementsByTagName(\"head\")[0], style = document.createElement(\"style\"); style.type = \"text\/css\"; if (style.styleSheet) style.styleSheet.cssText = wpape_gallery_69e5cd62c41d0_css; \telse  style.appendChild(document.createTextNode(wpape_gallery_69e5cd62c41d0_css)); head.appendChild(style);<\/script>","protected":false},"excerpt":{"rendered":"<p>&nbsp;<\/p>\n","protected":false},"author":2,"featured_media":0,"parent":184,"menu_order":1,"comment_status":"closed","ping_status":"closed","template":"no-sidebar.php","meta":{"footnotes":""},"class_list":["post-51","page","type-page","status-publish","hentry"],"aioseo_notices":[],"_links":{"self":[{"href":"https:\/\/www.autodizalice-anic.hr\/en\/wp-json\/wp\/v2\/pages\/51","targetHints":{"allow":["GET"]}}],"collection":[{"href":"https:\/\/www.autodizalice-anic.hr\/en\/wp-json\/wp\/v2\/pages"}],"about":[{"href":"https:\/\/www.autodizalice-anic.hr\/en\/wp-json\/wp\/v2\/types\/page"}],"author":[{"embeddable":true,"href":"https:\/\/www.autodizalice-anic.hr\/en\/wp-json\/wp\/v2\/users\/2"}],"replies":[{"embeddable":true,"href":"https:\/\/www.autodizalice-anic.hr\/en\/wp-json\/wp\/v2\/comments?post=51"}],"version-history":[{"count":6,"href":"https:\/\/www.autodizalice-anic.hr\/en\/wp-json\/wp\/v2\/pages\/51\/revisions"}],"predecessor-version":[{"id":333,"href":"https:\/\/www.autodizalice-anic.hr\/en\/wp-json\/wp\/v2\/pages\/51\/revisions\/333"}],"up":[{"embeddable":true,"href":"https:\/\/www.autodizalice-anic.hr\/en\/wp-json\/wp\/v2\/pages\/184"}],"wp:attachment":[{"href":"https:\/\/www.autodizalice-anic.hr\/en\/wp-json\/wp\/v2\/media?parent=51"}],"curies":[{"name":"wp","href":"https:\/\/api.w.org\/{rel}","templated":true}]}}