{"id":475,"date":"2017-03-05T22:52:08","date_gmt":"2017-03-05T22:52:08","guid":{"rendered":"http:\/\/www.autodizalice-anic.hr\/?page_id=475"},"modified":"2017-03-07T11:32:17","modified_gmt":"2017-03-07T11:32:17","slug":"projekti","status":"publish","type":"page","link":"https:\/\/www.autodizalice-anic.hr\/en\/projekti\/","title":{"rendered":"Projects"},"content":{"rendered":"<div id=\"Block_wpape_gallery_6a0496de72196\" style=\"width:100%; display: none;\"><div class=\"wpape_gallery_button wpape_gallery_align_left\"  id=\"wpape_gallery_6a0496de72196filter\"><a href=\"#\" data-filter=\".category416\" class=\" apebtn apebtn-flat apebtn-highlight \" style=\"margin-right:5px;margin-bottom:10px;\">Projects<\/a><\/div><div id=\"wpape_gallery_6a0496de72196\" data-options=\"wpape_gallery_6a0496de72196\" style=\"width:100%;\" class=\"wpape_gallery\"><div class=\"wpape-img category416\" ><div class=\"wpape-img-image  wpape-lightbox\"  ><div data-thumbnail=\"https:\/\/www.autodizalice-anic.hr\/wp-content\/uploads\/2017\/03\/Lu\u010dka-skladi\u0161ta-\u0160krljevo-300x169.jpg\" title=\"Lu\u010dka skladi\u0161ta \u0160krljevo\" data-width=\"300\" data-height=\"169\" ><\/div><div data-popup=\"https:\/\/www.autodizalice-anic.hr\/wp-content\/uploads\/2017\/03\/Lu\u010dka-skladi\u0161ta-\u0160krljevo.jpg\"  title=\"Lu\u010dka skladi\u0161ta \u0160krljevo\"><\/div><div class=\"thumbnail-overlay\"><div class=\"wpapeTitle \">Lu\u010dka skladi\u0161ta \u0160krljevo<\/div><div class=\"wpapeIcons\"><i class=\"fa fa-plus wpapeZoomIcon \" ><\/i><\/div><\/div><\/div><\/div><div class=\"wpape-img category416\" ><div class=\"wpape-img-image  wpape-lightbox\"  ><div data-thumbnail=\"https:\/\/www.autodizalice-anic.hr\/wp-content\/uploads\/2017\/03\/Orada-Adriatic-prerada-i-prodaja-ribe-300x169.jpg\" title=\"Orada Adriatic-prerada i prodaja ribe\" data-width=\"300\" data-height=\"169\" ><\/div><div data-popup=\"https:\/\/www.autodizalice-anic.hr\/wp-content\/uploads\/2017\/03\/Orada-Adriatic-prerada-i-prodaja-ribe.jpg\"  title=\"Orada Adriatic-prerada i prodaja ribe\"><\/div><div class=\"thumbnail-overlay\"><div class=\"wpapeTitle \">Orada Adriatic-prerada i prodaja ribe<\/div><div class=\"wpapeIcons\"><i class=\"fa fa-plus wpapeZoomIcon \" ><\/i><\/div><\/div><\/div><\/div><div class=\"wpape-img category416\" ><div class=\"wpape-img-image  wpape-lightbox\"  ><div data-thumbnail=\"https:\/\/www.autodizalice-anic.hr\/wp-content\/uploads\/2017\/03\/Plodine-Kukuljanovo-225x300.jpg\" title=\"Plodine Kukuljanovo\" data-width=\"225\" data-height=\"300\" ><\/div><div data-popup=\"https:\/\/www.autodizalice-anic.hr\/wp-content\/uploads\/2017\/03\/Plodine-Kukuljanovo.jpg\"  title=\"Plodine Kukuljanovo\"><\/div><div class=\"thumbnail-overlay\"><div class=\"wpapeTitle \">Plodine Kukuljanovo<\/div><div class=\"wpapeIcons\"><i class=\"fa fa-plus wpapeZoomIcon \" ><\/i><\/div><\/div><\/div><\/div><div class=\"wpape-img category416\" ><div class=\"wpape-img-image  wpape-lightbox\"  ><div data-thumbnail=\"https:\/\/www.autodizalice-anic.hr\/wp-content\/uploads\/2017\/03\/Plodine-300x225.jpg\" title=\"Plodine\" data-width=\"300\" data-height=\"225\" ><\/div><div data-popup=\"https:\/\/www.autodizalice-anic.hr\/wp-content\/uploads\/2017\/03\/Plodine.jpg\"  title=\"Plodine\"><\/div><div class=\"thumbnail-overlay\"><div class=\"wpapeTitle \">Plodine<\/div><div class=\"wpapeIcons\"><i class=\"fa fa-plus wpapeZoomIcon \" ><\/i><\/div><\/div><\/div><\/div><div class=\"wpape-img category416\" ><div class=\"wpape-img-image  wpape-lightbox\"  ><div data-thumbnail=\"https:\/\/www.autodizalice-anic.hr\/wp-content\/uploads\/2017\/03\/Podizanje-prevrnutog-kamiona-300x169.jpg\" title=\"Podizanje prevrnutog kamiona\" data-width=\"300\" data-height=\"169\" ><\/div><div data-popup=\"https:\/\/www.autodizalice-anic.hr\/wp-content\/uploads\/2017\/03\/Podizanje-prevrnutog-kamiona.jpg\"  title=\"Podizanje prevrnutog kamiona\"><\/div><div class=\"thumbnail-overlay\"><div class=\"wpapeTitle \">Podizanje prevrnutog kamiona<\/div><div class=\"wpapeIcons\"><i class=\"fa fa-plus wpapeZoomIcon \" ><\/i><\/div><\/div><\/div><\/div><div class=\"wpape-img category416\" ><div class=\"wpape-img-image  wpape-lightbox\"  ><div data-thumbnail=\"https:\/\/www.autodizalice-anic.hr\/wp-content\/uploads\/2017\/03\/Rad-sa-ko\u0161arom-za-\u010detiri-osobe-Split-169x300.jpg\" title=\"Rad sa ko\u0161arom za \u010detiri osobe -Split\" data-width=\"169\" data-height=\"300\" ><\/div><div data-popup=\"https:\/\/www.autodizalice-anic.hr\/wp-content\/uploads\/2017\/03\/Rad-sa-ko\u0161arom-za-\u010detiri-osobe-Split.jpg\"  title=\"Rad sa ko\u0161arom za \u010detiri osobe -Split\"><\/div><div class=\"thumbnail-overlay\"><div class=\"wpapeTitle \">Rad sa ko\u0161arom za \u010detiri osobe -Split<\/div><div class=\"wpapeIcons\"><i class=\"fa fa-plus wpapeZoomIcon \" ><\/i><\/div><\/div><\/div><\/div><div class=\"wpape-img category416\" ><div class=\"wpape-img-image  wpape-lightbox\"  ><div data-thumbnail=\"https:\/\/www.autodizalice-anic.hr\/wp-content\/uploads\/2017\/03\/Rad-sa-ko\u0161arom-300x225.jpg\" title=\"Rad sa ko\u0161arom\" data-width=\"300\" data-height=\"225\" ><\/div><div data-popup=\"https:\/\/www.autodizalice-anic.hr\/wp-content\/uploads\/2017\/03\/Rad-sa-ko\u0161arom.jpg\"  title=\"Rad sa ko\u0161arom\"><\/div><div class=\"thumbnail-overlay\"><div class=\"wpapeTitle \">Rad sa ko\u0161arom<\/div><div class=\"wpapeIcons\"><i class=\"fa fa-plus wpapeZoomIcon \" ><\/i><\/div><\/div><\/div><\/div><div class=\"wpape-img category416\" ><div class=\"wpape-img-image  wpape-lightbox\"  ><div data-thumbnail=\"https:\/\/www.autodizalice-anic.hr\/wp-content\/uploads\/2017\/03\/Snimanje-Trg-sv.-Marka-300x169.jpg\" title=\"Snimanje -Trg sv. Marka, Zagreb\" data-width=\"300\" data-height=\"169\" ><\/div><div data-popup=\"https:\/\/www.autodizalice-anic.hr\/wp-content\/uploads\/2017\/03\/Snimanje-Trg-sv.-Marka.jpg\"  title=\"Snimanje -Trg sv. Marka, Zagreb\"><\/div><div class=\"thumbnail-overlay\"><div class=\"wpapeTitle \">Snimanje -Trg sv. Marka, Zagreb<\/div><div class=\"wpapeIcons\"><i class=\"fa fa-plus wpapeZoomIcon \" ><\/i><\/div><\/div><\/div><\/div><div class=\"wpape-img category416\" ><div class=\"wpape-img-image  wpape-lightbox\"  ><div data-thumbnail=\"https:\/\/www.autodizalice-anic.hr\/wp-content\/uploads\/2017\/03\/Split-biciklisti\u010dka-utrka-300x169.jpg\" title=\"Split- biciklisti\u010dka utrka\" data-width=\"300\" data-height=\"169\" ><\/div><div data-popup=\"https:\/\/www.autodizalice-anic.hr\/wp-content\/uploads\/2017\/03\/Split-biciklisti\u010dka-utrka.jpg\"  title=\"Split- biciklisti\u010dka utrka\"><\/div><div class=\"thumbnail-overlay\"><div class=\"wpapeTitle \">Split- biciklisti\u010dka utrka<\/div><div class=\"wpapeIcons\"><i class=\"fa fa-plus wpapeZoomIcon \" ><\/i><\/div><\/div><\/div><\/div><div class=\"wpape-img category416\" ><div class=\"wpape-img-image  wpape-lightbox\"  ><div data-thumbnail=\"https:\/\/www.autodizalice-anic.hr\/wp-content\/uploads\/2017\/03\/Stadion-Rujevica-300x169.jpg\" title=\"Stadion Rujevica, Rijeka\" data-width=\"300\" data-height=\"169\" ><\/div><div data-popup=\"https:\/\/www.autodizalice-anic.hr\/wp-content\/uploads\/2017\/03\/Stadion-Rujevica.jpg\"  title=\"Stadion Rujevica, Rijeka\"><\/div><div class=\"thumbnail-overlay\"><div class=\"wpapeTitle \">Stadion Rujevica, Rijeka<\/div><div class=\"wpapeIcons\"><i class=\"fa fa-plus wpapeZoomIcon \" ><\/i><\/div><\/div><\/div><\/div><div class=\"wpape-img category416\" ><div class=\"wpape-img-image  wpape-lightbox\"  ><div data-thumbnail=\"https:\/\/www.autodizalice-anic.hr\/wp-content\/uploads\/2017\/03\/Tour-of-Croatia-169x300.jpg\" title=\"Tour of Croatia\" data-width=\"169\" data-height=\"300\" ><\/div><div data-popup=\"https:\/\/www.autodizalice-anic.hr\/wp-content\/uploads\/2017\/03\/Tour-of-Croatia.jpg\"  title=\"Tour of Croatia\"><\/div><div class=\"thumbnail-overlay\"><div class=\"wpapeTitle \">Tour of Croatia<\/div><div class=\"wpapeIcons\"><i class=\"fa fa-plus wpapeZoomIcon \" ><\/i><\/div><\/div><\/div><\/div><div class=\"wpape-img category416\" ><div class=\"wpape-img-image  wpape-lightbox\"  ><div data-thumbnail=\"https:\/\/www.autodizalice-anic.hr\/wp-content\/uploads\/2017\/03\/Tour-of-Croatia-prijenos-u\u017eivo-300x169.jpg\" title=\"Tour of Croatia-prijenos u\u017eivo\" data-width=\"300\" data-height=\"169\" ><\/div><div data-popup=\"https:\/\/www.autodizalice-anic.hr\/wp-content\/uploads\/2017\/03\/Tour-of-Croatia-prijenos-u\u017eivo.jpg\"  title=\"Tour of Croatia-prijenos u\u017eivo\"><\/div><div class=\"thumbnail-overlay\"><div class=\"wpapeTitle \">Tour of Croatia-prijenos u\u017eivo<\/div><div class=\"wpapeIcons\"><i class=\"fa fa-plus wpapeZoomIcon \" ><\/i><\/div><\/div><\/div><\/div><div class=\"wpape-img category416\" ><div class=\"wpape-img-image  wpape-lightbox\"  ><div data-thumbnail=\"https:\/\/www.autodizalice-anic.hr\/wp-content\/uploads\/2017\/03\/Trgova\u010dki-centar-Lidl-Crikvenica-169x300.jpg\" title=\"Trgova\u010dki centar Lidl -Crikvenica\" data-width=\"169\" data-height=\"300\" ><\/div><div data-popup=\"https:\/\/www.autodizalice-anic.hr\/wp-content\/uploads\/2017\/03\/Trgova\u010dki-centar-Lidl-Crikvenica.jpg\"  title=\"Trgova\u010dki centar Lidl -Crikvenica\"><\/div><div class=\"thumbnail-overlay\"><div class=\"wpapeTitle \">Trgova\u010dki centar Lidl -Crikvenica<\/div><div class=\"wpapeIcons\"><i class=\"fa fa-plus wpapeZoomIcon \" ><\/i><\/div><\/div><\/div><\/div><div class=\"wpape-img category416\" ><div class=\"wpape-img-image  wpape-lightbox\"  ><div data-thumbnail=\"https:\/\/www.autodizalice-anic.hr\/wp-content\/uploads\/2017\/03\/Vjetropark-Vrataru\u0161a-225x300.jpg\" title=\"Vjetropark Vrataru\u0161a\" data-width=\"225\" data-height=\"300\" ><\/div><div data-popup=\"https:\/\/www.autodizalice-anic.hr\/wp-content\/uploads\/2017\/03\/Vjetropark-Vrataru\u0161a.jpg\"  title=\"Vjetropark Vrataru\u0161a\"><\/div><div class=\"thumbnail-overlay\"><div class=\"wpapeTitle \">Vjetropark Vrataru\u0161a<\/div><div class=\"wpapeIcons\"><i class=\"fa fa-plus wpapeZoomIcon \" ><\/i><\/div><\/div><\/div><\/div><div class=\"wpape-img category416\" ><div class=\"wpape-img-image  wpape-lightbox\"  ><div data-thumbnail=\"https:\/\/www.autodizalice-anic.hr\/wp-content\/uploads\/2017\/03\/Vulkal-Rijeka-300x214.jpg\" title=\"Vulkal Rijeka\" data-width=\"300\" data-height=\"214\" ><\/div><div data-popup=\"https:\/\/www.autodizalice-anic.hr\/wp-content\/uploads\/2017\/03\/Vulkal-Rijeka.jpg\"  title=\"Vulkal Rijeka\"><\/div><div class=\"thumbnail-overlay\"><div class=\"wpapeTitle \">Vulkal Rijeka<\/div><div class=\"wpapeIcons\"><i class=\"fa fa-plus wpapeZoomIcon \" ><\/i><\/div><\/div><\/div><\/div><div class=\"wpape-img category416\" ><div class=\"wpape-img-image  wpape-lightbox\"  ><div data-thumbnail=\"https:\/\/www.autodizalice-anic.hr\/wp-content\/uploads\/2017\/03\/Zapadni-trgova\u010dki-centar-Rijeka-300x225.jpg\" title=\"Zapadni trgova\u010dki centar Rijeka\" data-width=\"300\" data-height=\"225\" ><\/div><div data-popup=\"https:\/\/www.autodizalice-anic.hr\/wp-content\/uploads\/2017\/03\/Zapadni-trgova\u010dki-centar-Rijeka.jpg\"  title=\"Zapadni trgova\u010dki centar Rijeka\"><\/div><div class=\"thumbnail-overlay\"><div class=\"wpapeTitle \">Zapadni trgova\u010dki centar Rijeka<\/div><div class=\"wpapeIcons\"><i class=\"fa fa-plus wpapeZoomIcon \" ><\/i><\/div><\/div><\/div><\/div><div class=\"wpape-img category416\" ><div class=\"wpape-img-image  wpape-lightbox\"  ><div data-thumbnail=\"https:\/\/www.autodizalice-anic.hr\/wp-content\/uploads\/2017\/03\/\u017dupanijski-centar-za-gospodarenje-otpadom-300x165.jpg\" title=\"\u017dupanijski centar za gospodarenje otpadom\" data-width=\"300\" data-height=\"165\" ><\/div><div data-popup=\"https:\/\/www.autodizalice-anic.hr\/wp-content\/uploads\/2017\/03\/\u017dupanijski-centar-za-gospodarenje-otpadom.jpg\"  title=\"\u017dupanijski centar za gospodarenje otpadom\"><\/div><div class=\"thumbnail-overlay\"><div class=\"wpapeTitle \">\u017dupanijski centar za gospodarenje otpadom<\/div><div class=\"wpapeIcons\"><i class=\"fa fa-plus wpapeZoomIcon \" ><\/i><\/div><\/div><\/div><\/div><\/div><\/div><script>var wpape_gallery_6a0496de72196 = {\"filterContainer\": \"#wpape_gallery_6a0496de72196filter\", \"touch\": 1, \"columns\": 3, \"columnWidth\": \"auto\", \"resolutions\": [{\"columnWidth\": \"auto\" , \"columns\":3 , \"maxWidth\": 960} , {\"columnWidth\": \"auto\" , \"columns\":2 , \"maxWidth\": 650} , {\"columnWidth\": \"auto\" , \"columns\":1 , \"maxWidth\": 450}], \"borderSize\": \"1\", \"overlayEffect\": \"direction-aware-fade\", \"boxesToLoadStart\": \"12\", \"boxesToLoad\": \"8\", \"lazyLoad\": true, \"LoadingWord\": \"Gallery images loading\", \"loadMoreWord\": \"More images\", \"noMoreEntriesWord\": \"No images\", \"loadMoreClass\": \" apebtn apebtn-flat apebtn-highlight \", \"horizontalSpaceBetweenBoxes\": 15, \"verticalSpaceBetweenBoxes\": 15}, wpape_gallery_6a0496de72196_css = \"body .mfp-ready.mfp-bg{background-color: rgba(11, 11, 11, 0.8);}#wpape_gallery_6a0496de72196 .wpape-img-container{ -webkit-border-radius: 5px;-moz-border-radius: 5px;border-radius: 5px;border: 1px solid rgb(253, 211, 0) ;-webkit-box-shadow:0px 5px 7px rgba(34, 25, 25, 0.4) ;-moz-box-shadow: \t0px 5px 7px rgba(34, 25, 25, 0.4) ;-o-box-shadow: \t0px 5px 7px rgba(34, 25, 25, 0.4) ;-ms-box-shadow: \t0px 5px 7px rgba(34, 25, 25, 0.4) ;box-shadow: \t\t0px 5px 7px rgba(34, 25, 25, 0.4) ;}#wpape_gallery_6a0496de72196 .wpapeTitle{ font-size:12px; line-height:88%; color:rgb(255, 255, 255); font-weight:bold; font-style:normal; text-decoration:none;}#wpape_gallery_6a0496de72196 .wpapeTitle:hover{color:rgb(255, 255, 255);}#wpape_gallery_6a0496de72196 .thumbnail-overlay{background:rgba(7, 7, 7, 0.5);}#wpape_gallery_6a0496de72196 .wpapeZoomIcon{ font-size:22px; line-height:88%; color:rgb(255, 255, 255);background:rgba(0, 0, 0, 0);}#wpape_gallery_6a0496de72196 .wpapeZoomIcon:hover{color:rgb(255, 255, 255);background:rgba(0, 0, 0, 0);}#wpape_gallery_6a0496de72196 .image-with-dimensions{background-color: rgb(255,255,255);}body .mfp-title, body .mfp-counter{color: rgb(253, 211, 0);}\",apeGalleryDelay = 1000; head = document.head || document.getElementsByTagName(\"head\")[0], style = document.createElement(\"style\"); style.type = \"text\/css\"; if (style.styleSheet) style.styleSheet.cssText = wpape_gallery_6a0496de72196_css; \telse  style.appendChild(document.createTextNode(wpape_gallery_6a0496de72196_css)); head.appendChild(style);<\/script>","protected":false},"excerpt":{"rendered":"","protected":false},"author":2,"featured_media":0,"parent":0,"menu_order":0,"comment_status":"closed","ping_status":"closed","template":"no-sidebar.php","meta":{"footnotes":""},"class_list":["post-475","page","type-page","status-publish","hentry"],"aioseo_notices":[],"_links":{"self":[{"href":"https:\/\/www.autodizalice-anic.hr\/en\/wp-json\/wp\/v2\/pages\/475","targetHints":{"allow":["GET"]}}],"collection":[{"href":"https:\/\/www.autodizalice-anic.hr\/en\/wp-json\/wp\/v2\/pages"}],"about":[{"href":"https:\/\/www.autodizalice-anic.hr\/en\/wp-json\/wp\/v2\/types\/page"}],"author":[{"embeddable":true,"href":"https:\/\/www.autodizalice-anic.hr\/en\/wp-json\/wp\/v2\/users\/2"}],"replies":[{"embeddable":true,"href":"https:\/\/www.autodizalice-anic.hr\/en\/wp-json\/wp\/v2\/comments?post=475"}],"version-history":[{"count":1,"href":"https:\/\/www.autodizalice-anic.hr\/en\/wp-json\/wp\/v2\/pages\/475\/revisions"}],"predecessor-version":[{"id":476,"href":"https:\/\/www.autodizalice-anic.hr\/en\/wp-json\/wp\/v2\/pages\/475\/revisions\/476"}],"wp:attachment":[{"href":"https:\/\/www.autodizalice-anic.hr\/en\/wp-json\/wp\/v2\/media?parent=475"}],"curies":[{"name":"wp","href":"https:\/\/api.w.org\/{rel}","templated":true}]}}